{"id":43,"date":"2026-02-11T18:02:46","date_gmt":"2026-02-11T17:02:46","guid":{"rendered":"https:\/\/revistaglocal.eu\/blog\/?page_id=43"},"modified":"2026-02-13T18:03:30","modified_gmt":"2026-02-13T17:03:30","slug":"liens-dinteret","status":"publish","type":"page","link":"https:\/\/revistaglocal.eu\/blog\/liens-dinteret\/","title":{"rendered":"liens d&rsquo;int\u00e9r\u00eat"},"content":{"rendered":"<p><a href=\"https:\/\/ccpbe.cultura.gob.es\/CCPB\/ccpbopac\/\">Cat\u00e1logo Colectivo del Patrimonio Bibliogr\u00e1fico (Espagne)<\/a><\/p>\n<p><a href=\"https:\/\/archive.org\/details\/bibliotecauniversitariadesevilla\">Fondo Antiguo de la Biblioteca de la Universidad de Sevilla (Espagne)<\/a><\/p>\n<p><a href=\"https:\/\/www.boe.es\/biblioteca_juridica\/index.php\">Biblioteca Jur\u00eddica Digital de la Agencia Estatal Bolet\u00edn Oficial del Estado (Espagne)<\/a><\/p>\n<p><a href=\"https:\/\/derechoaragones.aragon.es\/bvda\/es\/inicio\/inicio.do\">Biblioteca Virtual de Derecho Aragon\u00e9s (Espagne)<\/a><\/p>\n<p><a href=\"https:\/\/www.cervantesvirtual.com\">Biblioteca Virtual Miguel de Cervantes del Centro de Humanidades Digitales en la Universidad de Alicante (Espagne)<\/a><\/p>\n<p><a href=\"https:\/\/geoconfluences.ens-lyon.fr\/glossaire\">Glossaire g\u00e9ographique de <em>G\u00e9oconfluences<\/em>, centre de ressources de l&rsquo;ENS de Lyon (France)<\/a><\/p>\n<p><a href=\"https:\/\/liburutegibiltegi.bizkaia.eus\">Lau Haizeetara, d\u00e9p\u00f4t digital de la Biblioth\u00e8que forale de Biscaye (Pays Basque)<\/a><\/p>\n","protected":false},"excerpt":{"rendered":"<p>Cat\u00e1logo Colectivo del Patrimonio Bibliogr\u00e1fico (Espagne) Fondo Antiguo de la Biblioteca de la Universidad de Sevilla (Espagne) Biblioteca Jur\u00eddica Digital de la Agencia Estatal Bolet\u00edn Oficial del Estado (Espagne) Biblioteca Virtual de Derecho Aragon\u00e9s (Espagne) Biblioteca Virtual Miguel de Cervantes del Centro de Humanidades Digitales en la Universidad de Alicante (Espagne) Glossaire g\u00e9ographique de G\u00e9oconfluences, &hellip; <a href=\"https:\/\/revistaglocal.eu\/blog\/liens-dinteret\/\" class=\"more-link\">Continuer la lecture de <span class=\"screen-reader-text\">liens d&rsquo;int\u00e9r\u00eat<\/span>  <span class=\"meta-nav\">&rarr;<\/span><\/a><\/p>\n","protected":false},"author":1,"featured_media":0,"parent":0,"menu_order":0,"comment_status":"closed","ping_status":"closed","template":"","meta":{"footnotes":""},"class_list":["post-43","page","type-page","status-publish","hentry"],"_links":{"self":[{"href":"https:\/\/revistaglocal.eu\/blog\/wp-json\/wp\/v2\/pages\/43","targetHints":{"allow":["GET"]}}],"collection":[{"href":"https:\/\/revistaglocal.eu\/blog\/wp-json\/wp\/v2\/pages"}],"about":[{"href":"https:\/\/revistaglocal.eu\/blog\/wp-json\/wp\/v2\/types\/page"}],"author":[{"embeddable":true,"href":"https:\/\/revistaglocal.eu\/blog\/wp-json\/wp\/v2\/users\/1"}],"replies":[{"embeddable":true,"href":"https:\/\/revistaglocal.eu\/blog\/wp-json\/wp\/v2\/comments?post=43"}],"version-history":[{"count":6,"href":"https:\/\/revistaglocal.eu\/blog\/wp-json\/wp\/v2\/pages\/43\/revisions"}],"predecessor-version":[{"id":49,"href":"https:\/\/revistaglocal.eu\/blog\/wp-json\/wp\/v2\/pages\/43\/revisions\/49"}],"wp:attachment":[{"href":"https:\/\/revistaglocal.eu\/blog\/wp-json\/wp\/v2\/media?parent=43"}],"curies":[{"name":"wp","href":"https:\/\/api.w.org\/{rel}","templated":true}]}}